{"id":672,"date":"2016-01-21T21:20:52","date_gmt":"2016-01-21T20:20:52","guid":{"rendered":"http:\/\/thierrychollat.com\/pages\/?page_id=19"},"modified":"2016-01-21T21:20:52","modified_gmt":"2016-01-21T20:20:52","slug":"galerie","status":"publish","type":"page","link":"https:\/\/thierrychollat.com\/sculptures\/galerie\/","title":{"rendered":"Galerie"},"content":{"rendered":"<h6 style=\"text-align: center;\">Cliquez sur les images pour acc\u00e9der \u00e0 la galerie photos \u00a0de sculptures souhait\u00e9e<\/h6>\n<p>&nbsp;<\/p>\n<table border=\"0\" width=\"720\" cellspacing=\"10\" cellpadding=\"10\" align=\"center\">\n<tbody>\n<tr>\n<td align=\"center\" valign=\"top\"><span style=\"color: #d40606;\"><a style=\"color: #d40606;\" href=\"http:\/\/thierrychollat.com\/pages\/fer-bois\/\"><img loading=\"lazy\" decoding=\"async\" class=\"alignnone\" title=\"Cliquez pour visitez la galerie des sculptures fer et bois de Thierry Chollat\" src=\"http:\/\/thierrychollat.com\/pages\/wp-content\/uploads\/2016\/01\/minFeretbois.jpg\" alt=\"Visitez la galerie des sculptures fer et bois de Thierry Chollat\" width=\"296\" height=\"250\" \/><\/a><\/span><\/td>\n<td align=\"center\" valign=\"top\"><span style=\"color: #d40606;\"><a style=\"color: #d40606;\" href=\"http:\/\/thierrychollat.com\/pages\/fer-papier-mache-etain\/\"><img loading=\"lazy\" decoding=\"async\" class=\"alignnone\" title=\"Cliquez pour visiter la galerie des sculptures en fer, \u00e9tain et papier m\u00e2ch\u00e9 de Thierry Chollat\" src=\"http:\/\/thierrychollat.com\/pages\/wp-content\/uploads\/2016\/01\/minFeretainepapier.jpg\" alt=\"Visitez la galerie des sculptures en fer, \u00e9tain et papier m\u00e2ch\u00e9 de Thierry Chollat\" width=\"347\" height=\"250\" \/><\/a><\/span><\/td>\n<\/tr>\n<tr>\n<td align=\"center\" valign=\"top\"><span style=\"color: #949191; font-size: 10pt; font-family: arial, helvetica, sans-serif;\">Sculptures en fer et bois<\/span><\/td>\n<td align=\"center\" valign=\"top\"><span style=\"color: #949191; font-size: 10pt; font-family: arial, helvetica, sans-serif;\">Sculptures en fer, papier m\u00e2ch\u00e9 et \u00e9tain<\/span><\/td>\n<\/tr>\n<tr>\n<td colspan=\"2\" align=\"center\" valign=\"top\">\n<p>&nbsp;<\/p>\n<p><span style=\"color: #d40606;\"><a style=\"color: #d40606;\" href=\"http:\/\/thierrychollat.com\/pages\/cheval\/\"><img loading=\"lazy\" decoding=\"async\" class=\"alignnone\" title=\"Cliquez pour visiter la galerie des sculptures de chevaux de Thierry Chollat\" src=\"http:\/\/thierrychollat.com\/pages\/wp-content\/uploads\/2016\/01\/minCheval.jpg\" alt=\"Visitez la galerie des sculptures de chevaux de Thierry Chollat\" width=\"380\" height=\"250\" \/><\/a><\/span><\/p>\n<\/td>\n<\/tr>\n<tr>\n<td colspan=\"2\" align=\"center\" valign=\"top\"><span style=\"color: #949191; font-size: 10pt; font-family: arial, helvetica, sans-serif;\">Sculptures de chevaux de Thierry Chollat<\/span><\/td>\n<\/tr>\n<\/tbody>\n<\/table>\n","protected":false},"excerpt":{"rendered":"<p>Cliquez sur les images pour acc\u00e9der \u00e0 la galerie photos \u00a0de sculptures souhait\u00e9e &nbsp; Sculptures en fer et bois Sculptures en fer, papier m\u00e2ch\u00e9 et \u00e9tain &nbsp; Sculptures de chevaux de Thierry Chollat<\/p>\n","protected":false},"author":1,"featured_media":0,"parent":0,"menu_order":0,"comment_status":"closed","ping_status":"closed","template":"template-fullwidth.php","meta":{"_et_pb_use_builder":"","_et_pb_old_content":"","_et_gb_content_width":"","footnotes":""},"class_list":["post-672","page","type-page","status-publish","hentry"],"yoast_head":"<!-- This site is optimized with the Yoast SEO plugin v19.1 - https:\/\/yoast.com\/wordpress\/plugins\/seo\/ -->\n<title>Galerie -\u00a0Thierry Chollat Sculpteur,Instruments,bois,fer,\u00e9tain,papier<\/title>\n<meta name=\"description\" content=\"Thierry Chollat, sculpteur - Rh\u00f4ne-Alpes La Batie\u00a0Divisin 38490 - Galerie - Instruments, m\u00e9tal, bois, \u00e9tain,\u00a0papier m\u00e2ch\u00e9, cheval, art animalier\" \/>\n<meta name=\"robots\" content=\"index, follow, max-snippet:-1, max-image-preview:large, max-video-preview:-1\" \/>\n<link rel=\"canonical\" href=\"https:\/\/thierrychollat.com\/sculptures\/galerie\/\" \/>\n<meta property=\"og:locale\" content=\"fr_FR\" \/>\n<meta property=\"og:type\" content=\"article\" \/>\n<meta property=\"og:title\" content=\"Galerie -\u00a0Thierry Chollat Sculpteur,Instruments,bois,fer,\u00e9tain,papier\" \/>\n<meta property=\"og:description\" content=\"Thierry Chollat, sculpteur - Rh\u00f4ne-Alpes La Batie\u00a0Divisin 38490 - Galerie - Instruments, m\u00e9tal, bois, \u00e9tain,\u00a0papier m\u00e2ch\u00e9, cheval, art animalier\" \/>\n<meta property=\"og:url\" content=\"https:\/\/thierrychollat.com\/sculptures\/galerie\/\" \/>\n<meta property=\"og:site_name\" content=\"Thierry Chollat, sculpteur\" \/>\n<meta property=\"og:image\" content=\"http:\/\/thierrychollat.com\/pages\/wp-content\/uploads\/2016\/01\/minFeretbois.jpg\" \/>\n<meta name=\"twitter:card\" content=\"summary_large_image\" \/>\n<script type=\"application\/ld+json\" class=\"yoast-schema-graph\">{\"@context\":\"https:\/\/schema.org\",\"@graph\":[{\"@type\":[\"Person\",\"Organization\"],\"@id\":\"https:\/\/thierrychollat.com\/sculptures\/#\/schema\/person\/60a6029413e436e8955ef63edf88f85c\",\"name\":\"Thierry Chollat\",\"image\":{\"@type\":\"ImageObject\",\"inLanguage\":\"fr-FR\",\"@id\":\"https:\/\/thierrychollat.com\/sculptures\/#\/schema\/person\/image\/\",\"url\":\"https:\/\/thierrychollat.com\/sculptures\/wp-content\/uploads\/2016\/01\/Voluptes-chimeriques.jpg\",\"contentUrl\":\"https:\/\/thierrychollat.com\/sculptures\/wp-content\/uploads\/2016\/01\/Voluptes-chimeriques.jpg\",\"width\":1417,\"height\":2040,\"caption\":\"Thierry Chollat\"},\"logo\":{\"@id\":\"https:\/\/thierrychollat.com\/sculptures\/#\/schema\/person\/image\/\"},\"sameAs\":[\"https:\/\/thierrychollat.com\/sculptures\"]},{\"@type\":\"WebSite\",\"@id\":\"https:\/\/thierrychollat.com\/sculptures\/#website\",\"url\":\"https:\/\/thierrychollat.com\/sculptures\/\",\"name\":\"Thierry Chollat, sculpteur\",\"description\":\"Sculptures en fer, m\u00e9tal, bois | Illustrations, Interpr\u00e9tations d&#039;instruments de musique, bestiaire\",\"publisher\":{\"@id\":\"https:\/\/thierrychollat.com\/sculptures\/#\/schema\/person\/60a6029413e436e8955ef63edf88f85c\"},\"potentialAction\":[{\"@type\":\"SearchAction\",\"target\":{\"@type\":\"EntryPoint\",\"urlTemplate\":\"https:\/\/thierrychollat.com\/sculptures\/?s={search_term_string}\"},\"query-input\":\"required name=search_term_string\"}],\"inLanguage\":\"fr-FR\"},{\"@type\":\"ImageObject\",\"inLanguage\":\"fr-FR\",\"@id\":\"https:\/\/thierrychollat.com\/sculptures\/galerie\/#primaryimage\",\"url\":\"http:\/\/thierrychollat.com\/pages\/wp-content\/uploads\/2016\/01\/minFeretbois.jpg\",\"contentUrl\":\"http:\/\/thierrychollat.com\/pages\/wp-content\/uploads\/2016\/01\/minFeretbois.jpg\"},{\"@type\":\"WebPage\",\"@id\":\"https:\/\/thierrychollat.com\/sculptures\/galerie\/#webpage\",\"url\":\"https:\/\/thierrychollat.com\/sculptures\/galerie\/\",\"name\":\"Galerie -\u00a0Thierry Chollat Sculpteur,Instruments,bois,fer,\u00e9tain,papier\",\"isPartOf\":{\"@id\":\"https:\/\/thierrychollat.com\/sculptures\/#website\"},\"primaryImageOfPage\":{\"@id\":\"https:\/\/thierrychollat.com\/sculptures\/galerie\/#primaryimage\"},\"datePublished\":\"2016-01-21T20:20:52+00:00\",\"dateModified\":\"2016-01-21T20:20:52+00:00\",\"description\":\"Thierry Chollat, sculpteur - Rh\u00f4ne-Alpes La Batie\u00a0Divisin 38490 - Galerie - Instruments, m\u00e9tal, bois, \u00e9tain,\u00a0papier m\u00e2ch\u00e9, cheval, art animalier\",\"breadcrumb\":{\"@id\":\"https:\/\/thierrychollat.com\/sculptures\/galerie\/#breadcrumb\"},\"inLanguage\":\"fr-FR\",\"potentialAction\":[{\"@type\":\"ReadAction\",\"target\":[\"https:\/\/thierrychollat.com\/sculptures\/galerie\/\"]}]},{\"@type\":\"BreadcrumbList\",\"@id\":\"https:\/\/thierrychollat.com\/sculptures\/galerie\/#breadcrumb\",\"itemListElement\":[{\"@type\":\"ListItem\",\"position\":1,\"name\":\"Accueil\",\"item\":\"https:\/\/thierrychollat.com\/sculptures\/\"},{\"@type\":\"ListItem\",\"position\":2,\"name\":\"Galerie\"}]}]}<\/script>\n<!-- \/ Yoast SEO plugin. -->","yoast_head_json":{"title":"Galerie -\u00a0Thierry Chollat Sculpteur,Instruments,bois,fer,\u00e9tain,papier","description":"Thierry Chollat, sculpteur - Rh\u00f4ne-Alpes La Batie\u00a0Divisin 38490 - Galerie - Instruments, m\u00e9tal, bois, \u00e9tain,\u00a0papier m\u00e2ch\u00e9, cheval, art animalier","robots":{"index":"index","follow":"follow","max-snippet":"max-snippet:-1","max-image-preview":"max-image-preview:large","max-video-preview":"max-video-preview:-1"},"canonical":"https:\/\/thierrychollat.com\/sculptures\/galerie\/","og_locale":"fr_FR","og_type":"article","og_title":"Galerie -\u00a0Thierry Chollat Sculpteur,Instruments,bois,fer,\u00e9tain,papier","og_description":"Thierry Chollat, sculpteur - Rh\u00f4ne-Alpes La Batie\u00a0Divisin 38490 - Galerie - Instruments, m\u00e9tal, bois, \u00e9tain,\u00a0papier m\u00e2ch\u00e9, cheval, art animalier","og_url":"https:\/\/thierrychollat.com\/sculptures\/galerie\/","og_site_name":"Thierry Chollat, sculpteur","og_image":[{"url":"http:\/\/thierrychollat.com\/pages\/wp-content\/uploads\/2016\/01\/minFeretbois.jpg"}],"twitter_card":"summary_large_image","schema":{"@context":"https:\/\/schema.org","@graph":[{"@type":["Person","Organization"],"@id":"https:\/\/thierrychollat.com\/sculptures\/#\/schema\/person\/60a6029413e436e8955ef63edf88f85c","name":"Thierry Chollat","image":{"@type":"ImageObject","inLanguage":"fr-FR","@id":"https:\/\/thierrychollat.com\/sculptures\/#\/schema\/person\/image\/","url":"https:\/\/thierrychollat.com\/sculptures\/wp-content\/uploads\/2016\/01\/Voluptes-chimeriques.jpg","contentUrl":"https:\/\/thierrychollat.com\/sculptures\/wp-content\/uploads\/2016\/01\/Voluptes-chimeriques.jpg","width":1417,"height":2040,"caption":"Thierry Chollat"},"logo":{"@id":"https:\/\/thierrychollat.com\/sculptures\/#\/schema\/person\/image\/"},"sameAs":["https:\/\/thierrychollat.com\/sculptures"]},{"@type":"WebSite","@id":"https:\/\/thierrychollat.com\/sculptures\/#website","url":"https:\/\/thierrychollat.com\/sculptures\/","name":"Thierry Chollat, sculpteur","description":"Sculptures en fer, m\u00e9tal, bois | Illustrations, Interpr\u00e9tations d&#039;instruments de musique, bestiaire","publisher":{"@id":"https:\/\/thierrychollat.com\/sculptures\/#\/schema\/person\/60a6029413e436e8955ef63edf88f85c"},"potentialAction":[{"@type":"SearchAction","target":{"@type":"EntryPoint","urlTemplate":"https:\/\/thierrychollat.com\/sculptures\/?s={search_term_string}"},"query-input":"required name=search_term_string"}],"inLanguage":"fr-FR"},{"@type":"ImageObject","inLanguage":"fr-FR","@id":"https:\/\/thierrychollat.com\/sculptures\/galerie\/#primaryimage","url":"http:\/\/thierrychollat.com\/pages\/wp-content\/uploads\/2016\/01\/minFeretbois.jpg","contentUrl":"http:\/\/thierrychollat.com\/pages\/wp-content\/uploads\/2016\/01\/minFeretbois.jpg"},{"@type":"WebPage","@id":"https:\/\/thierrychollat.com\/sculptures\/galerie\/#webpage","url":"https:\/\/thierrychollat.com\/sculptures\/galerie\/","name":"Galerie -\u00a0Thierry Chollat Sculpteur,Instruments,bois,fer,\u00e9tain,papier","isPartOf":{"@id":"https:\/\/thierrychollat.com\/sculptures\/#website"},"primaryImageOfPage":{"@id":"https:\/\/thierrychollat.com\/sculptures\/galerie\/#primaryimage"},"datePublished":"2016-01-21T20:20:52+00:00","dateModified":"2016-01-21T20:20:52+00:00","description":"Thierry Chollat, sculpteur - Rh\u00f4ne-Alpes La Batie\u00a0Divisin 38490 - Galerie - Instruments, m\u00e9tal, bois, \u00e9tain,\u00a0papier m\u00e2ch\u00e9, cheval, art animalier","breadcrumb":{"@id":"https:\/\/thierrychollat.com\/sculptures\/galerie\/#breadcrumb"},"inLanguage":"fr-FR","potentialAction":[{"@type":"ReadAction","target":["https:\/\/thierrychollat.com\/sculptures\/galerie\/"]}]},{"@type":"BreadcrumbList","@id":"https:\/\/thierrychollat.com\/sculptures\/galerie\/#breadcrumb","itemListElement":[{"@type":"ListItem","position":1,"name":"Accueil","item":"https:\/\/thierrychollat.com\/sculptures\/"},{"@type":"ListItem","position":2,"name":"Galerie"}]}]}},"_links":{"self":[{"href":"https:\/\/thierrychollat.com\/sculptures\/wp-json\/wp\/v2\/pages\/672","targetHints":{"allow":["GET"]}}],"collection":[{"href":"https:\/\/thierrychollat.com\/sculptures\/wp-json\/wp\/v2\/pages"}],"about":[{"href":"https:\/\/thierrychollat.com\/sculptures\/wp-json\/wp\/v2\/types\/page"}],"author":[{"embeddable":true,"href":"https:\/\/thierrychollat.com\/sculptures\/wp-json\/wp\/v2\/users\/1"}],"replies":[{"embeddable":true,"href":"https:\/\/thierrychollat.com\/sculptures\/wp-json\/wp\/v2\/comments?post=672"}],"version-history":[{"count":0,"href":"https:\/\/thierrychollat.com\/sculptures\/wp-json\/wp\/v2\/pages\/672\/revisions"}],"wp:attachment":[{"href":"https:\/\/thierrychollat.com\/sculptures\/wp-json\/wp\/v2\/media?parent=672"}],"curies":[{"name":"wp","href":"https:\/\/api.w.org\/{rel}","templated":true}]}}