{"id":669,"date":"2016-01-21T21:19:26","date_gmt":"2016-01-21T20:19:26","guid":{"rendered":"http:\/\/thierrychollat.com\/pages\/?page_id=13"},"modified":"2016-01-21T21:19:26","modified_gmt":"2016-01-21T20:19:26","slug":"contact","status":"publish","type":"page","link":"https:\/\/thierrychollat.com\/sculptures\/contact\/","title":{"rendered":"Contact"},"content":{"rendered":"<h6 style=\"text-align: center;\">Pour plus d&rsquo;informations, n&rsquo;h\u00e9sitez pas \u00e0 prendre contact.<\/h6>\n<p style=\"text-align: center;\"><span style=\"font-size: 10pt;\">Certaines\u00a0\u0153uvres\u00a0sont encore disponibles \u00e0 la\u00a0vente.<\/span><\/p>\n<p style=\"text-align: center;\"><span style=\"color: #999999;\"><span style=\"font-size: 18pt;\"><img loading=\"lazy\" decoding=\"async\" class=\"alignleft wp-image-111 size-full\" src=\"http:\/\/thierrychollat.com\/pages\/wp-content\/uploads\/2016\/01\/DSC_8862.jpg\" alt=\"Thierry Chollat sculpture Intruments de musique - Contact\" width=\"350\" height=\"352\" srcset=\"https:\/\/thierrychollat.com\/sculptures\/wp-content\/uploads\/2016\/01\/DSC_8862.jpg 350w, https:\/\/thierrychollat.com\/sculptures\/wp-content\/uploads\/2016\/01\/DSC_8862-298x300.jpg 298w, https:\/\/thierrychollat.com\/sculptures\/wp-content\/uploads\/2016\/01\/DSC_8862-150x150.jpg 150w\" sizes=\"auto, (max-width: 350px) 100vw, 350px\" \/><\/span><\/span><\/p>\n<p style=\"text-align: center;\">\u00a0<\/p>\n<p style=\"text-align: center;\"><em><span style=\"color: #999999; font-size: 10pt;\">Coordonn\u00e9es\u00a0:\u00a0<\/span><\/em><\/p>\n<p style=\"text-align: center;\">\u00a0<span style=\"font-family: georgia, palatino, serif;\"><span style=\"color: #999999;\"><span style=\"font-size: 18pt;\">Thierry Chollat Sculpteur<br \/><\/span><span style=\"font-size: 18pt;\">10, impasse du Bruna<br \/><\/span><\/span><span style=\"color: #999999;\"><span style=\"font-size: 18pt;\">38490 La B\u00e2tie-Divisin<\/span><\/span><\/span><\/p>\n<p style=\"text-align: center;\"><span style=\"font-size: 18pt; color: #999999; font-family: georgia, palatino, serif;\">T\u00e9l. : 06 25 64 46 73<\/span><\/p>\n<p style=\"text-align: center;\">\u00a0<\/p>\n<p style=\"text-align: center;\">\u00a0<\/p>\n<p style=\"text-align: center;\">\u00a0<\/p>\n<p style=\"text-align: center;\">\u00a0<\/p>\n<p style=\"text-align: center;\">\u00a0<\/p>\n<p style=\"text-align: center;\">\u00a0<\/p>\n<p style=\"text-align: center;\">Visites sur rendez-vous uniquement.<br \/>Vous pouvez prendre contact par t\u00e9l\u00e9phone, mail ou via le formulaire ci-dessous.<\/p>\n<p style=\"text-align: center;\">\u00a0<\/p>\n<h5 style=\"text-align: center;\">Plan d&rsquo;acc\u00e8s :<\/h5>\n<p style=\"text-align: center;\"><iframe loading=\"lazy\" src=\"https:\/\/www.google.com\/maps\/embed?pb=!1m18!1m12!1m3!1d5592.061348076649!2d5.612739834948729!3d45.50946114014606!2m3!1f0!2f0!3f0!3m2!1i1024!2i768!4f13.1!3m3!1m2!1s0x478b1c30bd2fe907%3A0xb633d47fd309cc9c!2s10+Impasse+du+Bruna!5e0!3m2!1sfr!2sfr!4v1451923769176\" width=\"400\" height=\"300\" frameborder=\"0\" allowfullscreen=\"allowfullscreen\"><\/iframe><\/p>\n<p style=\"text-align: center;\">\u00a0<\/p>\n<p style=\"text-align: center;\">Laisser un message \u00e0 Thierry :<\/p>\n<p style=\"text-align: center;\">[contact-form-7 id=\u00a0\u00bb50&Prime; title=\u00a0\u00bbFormulaire de contact 1&Prime;]<\/p>\n","protected":false},"excerpt":{"rendered":"<p>Pour plus d&rsquo;informations, n&rsquo;h\u00e9sitez pas \u00e0 prendre contact. Certaines\u00a0\u0153uvres\u00a0sont encore disponibles \u00e0 la\u00a0vente. \u00a0 Coordonn\u00e9es\u00a0:\u00a0 \u00a0Thierry Chollat Sculpteur10, impasse du Bruna38490 La B\u00e2tie-Divisin T\u00e9l. : 06 25 64 46 73 \u00a0 \u00a0 \u00a0 \u00a0 \u00a0 \u00a0 Visites sur rendez-vous uniquement.Vous pouvez prendre contact par t\u00e9l\u00e9phone, mail ou via le formulaire ci-dessous. \u00a0 Plan d&rsquo;acc\u00e8s : [&hellip;]<\/p>\n","protected":false},"author":1,"featured_media":0,"parent":0,"menu_order":0,"comment_status":"closed","ping_status":"closed","template":"template-fullwidth.php","meta":{"_et_pb_use_builder":"","_et_pb_old_content":"","_et_gb_content_width":"","footnotes":""},"class_list":["post-669","page","type-page","status-publish","hentry"],"yoast_head":"<!-- This site is optimized with the Yoast SEO plugin v19.1 - https:\/\/yoast.com\/wordpress\/plugins\/seo\/ -->\n<title>Contact - Thierry Chollat Sculpteur illustrateur instruments bois<\/title>\n<meta name=\"description\" content=\"Thierry Chollat, sculpteur - Rh\u00f4ne-Alpes La Batie\u00a0Divisin 38490 - Contact - Instruments, m\u00e9tal, bois, \u00e9tain,papier m\u00e2ch\u00e9, cheval, art animalier\" \/>\n<meta name=\"robots\" content=\"index, follow, max-snippet:-1, max-image-preview:large, max-video-preview:-1\" \/>\n<link rel=\"canonical\" href=\"https:\/\/thierrychollat.com\/sculptures\/contact\/\" \/>\n<meta property=\"og:locale\" content=\"fr_FR\" \/>\n<meta property=\"og:type\" content=\"article\" \/>\n<meta property=\"og:title\" content=\"Contact - Thierry Chollat Sculpteur illustrateur instruments bois\" \/>\n<meta property=\"og:description\" content=\"Thierry Chollat, sculpteur - Rh\u00f4ne-Alpes La Batie\u00a0Divisin 38490 - Contact - Instruments, m\u00e9tal, bois, \u00e9tain,papier m\u00e2ch\u00e9, cheval, art animalier\" \/>\n<meta property=\"og:url\" content=\"https:\/\/thierrychollat.com\/sculptures\/contact\/\" \/>\n<meta property=\"og:site_name\" content=\"Thierry Chollat, sculpteur\" \/>\n<meta property=\"og:image\" content=\"http:\/\/thierrychollat.com\/pages\/wp-content\/uploads\/2016\/01\/DSC_8862.jpg\" \/>\n<meta name=\"twitter:card\" content=\"summary_large_image\" \/>\n<script type=\"application\/ld+json\" class=\"yoast-schema-graph\">{\"@context\":\"https:\/\/schema.org\",\"@graph\":[{\"@type\":[\"Person\",\"Organization\"],\"@id\":\"https:\/\/thierrychollat.com\/sculptures\/#\/schema\/person\/60a6029413e436e8955ef63edf88f85c\",\"name\":\"Thierry Chollat\",\"image\":{\"@type\":\"ImageObject\",\"inLanguage\":\"fr-FR\",\"@id\":\"https:\/\/thierrychollat.com\/sculptures\/#\/schema\/person\/image\/\",\"url\":\"https:\/\/thierrychollat.com\/sculptures\/wp-content\/uploads\/2016\/01\/Voluptes-chimeriques.jpg\",\"contentUrl\":\"https:\/\/thierrychollat.com\/sculptures\/wp-content\/uploads\/2016\/01\/Voluptes-chimeriques.jpg\",\"width\":1417,\"height\":2040,\"caption\":\"Thierry Chollat\"},\"logo\":{\"@id\":\"https:\/\/thierrychollat.com\/sculptures\/#\/schema\/person\/image\/\"},\"sameAs\":[\"https:\/\/thierrychollat.com\/sculptures\"]},{\"@type\":\"WebSite\",\"@id\":\"https:\/\/thierrychollat.com\/sculptures\/#website\",\"url\":\"https:\/\/thierrychollat.com\/sculptures\/\",\"name\":\"Thierry Chollat, sculpteur\",\"description\":\"Sculptures en fer, m\u00e9tal, bois | Illustrations, Interpr\u00e9tations d&#039;instruments de musique, bestiaire\",\"publisher\":{\"@id\":\"https:\/\/thierrychollat.com\/sculptures\/#\/schema\/person\/60a6029413e436e8955ef63edf88f85c\"},\"potentialAction\":[{\"@type\":\"SearchAction\",\"target\":{\"@type\":\"EntryPoint\",\"urlTemplate\":\"https:\/\/thierrychollat.com\/sculptures\/?s={search_term_string}\"},\"query-input\":\"required name=search_term_string\"}],\"inLanguage\":\"fr-FR\"},{\"@type\":\"ImageObject\",\"inLanguage\":\"fr-FR\",\"@id\":\"https:\/\/thierrychollat.com\/sculptures\/contact\/#primaryimage\",\"url\":\"http:\/\/thierrychollat.com\/pages\/wp-content\/uploads\/2016\/01\/DSC_8862.jpg\",\"contentUrl\":\"http:\/\/thierrychollat.com\/pages\/wp-content\/uploads\/2016\/01\/DSC_8862.jpg\"},{\"@type\":\"WebPage\",\"@id\":\"https:\/\/thierrychollat.com\/sculptures\/contact\/#webpage\",\"url\":\"https:\/\/thierrychollat.com\/sculptures\/contact\/\",\"name\":\"Contact - Thierry Chollat Sculpteur illustrateur instruments bois\",\"isPartOf\":{\"@id\":\"https:\/\/thierrychollat.com\/sculptures\/#website\"},\"primaryImageOfPage\":{\"@id\":\"https:\/\/thierrychollat.com\/sculptures\/contact\/#primaryimage\"},\"datePublished\":\"2016-01-21T20:19:26+00:00\",\"dateModified\":\"2016-01-21T20:19:26+00:00\",\"description\":\"Thierry Chollat, sculpteur - Rh\u00f4ne-Alpes La Batie\u00a0Divisin 38490 - Contact - Instruments, m\u00e9tal, bois, \u00e9tain,papier m\u00e2ch\u00e9, cheval, art animalier\",\"breadcrumb\":{\"@id\":\"https:\/\/thierrychollat.com\/sculptures\/contact\/#breadcrumb\"},\"inLanguage\":\"fr-FR\",\"potentialAction\":[{\"@type\":\"ReadAction\",\"target\":[\"https:\/\/thierrychollat.com\/sculptures\/contact\/\"]}]},{\"@type\":\"BreadcrumbList\",\"@id\":\"https:\/\/thierrychollat.com\/sculptures\/contact\/#breadcrumb\",\"itemListElement\":[{\"@type\":\"ListItem\",\"position\":1,\"name\":\"Accueil\",\"item\":\"https:\/\/thierrychollat.com\/sculptures\/\"},{\"@type\":\"ListItem\",\"position\":2,\"name\":\"Contact\"}]}]}<\/script>\n<!-- \/ Yoast SEO plugin. -->","yoast_head_json":{"title":"Contact - Thierry Chollat Sculpteur illustrateur instruments bois","description":"Thierry Chollat, sculpteur - Rh\u00f4ne-Alpes La Batie\u00a0Divisin 38490 - Contact - Instruments, m\u00e9tal, bois, \u00e9tain,papier m\u00e2ch\u00e9, cheval, art animalier","robots":{"index":"index","follow":"follow","max-snippet":"max-snippet:-1","max-image-preview":"max-image-preview:large","max-video-preview":"max-video-preview:-1"},"canonical":"https:\/\/thierrychollat.com\/sculptures\/contact\/","og_locale":"fr_FR","og_type":"article","og_title":"Contact - Thierry Chollat Sculpteur illustrateur instruments bois","og_description":"Thierry Chollat, sculpteur - Rh\u00f4ne-Alpes La Batie\u00a0Divisin 38490 - Contact - Instruments, m\u00e9tal, bois, \u00e9tain,papier m\u00e2ch\u00e9, cheval, art animalier","og_url":"https:\/\/thierrychollat.com\/sculptures\/contact\/","og_site_name":"Thierry Chollat, sculpteur","og_image":[{"url":"http:\/\/thierrychollat.com\/pages\/wp-content\/uploads\/2016\/01\/DSC_8862.jpg"}],"twitter_card":"summary_large_image","schema":{"@context":"https:\/\/schema.org","@graph":[{"@type":["Person","Organization"],"@id":"https:\/\/thierrychollat.com\/sculptures\/#\/schema\/person\/60a6029413e436e8955ef63edf88f85c","name":"Thierry Chollat","image":{"@type":"ImageObject","inLanguage":"fr-FR","@id":"https:\/\/thierrychollat.com\/sculptures\/#\/schema\/person\/image\/","url":"https:\/\/thierrychollat.com\/sculptures\/wp-content\/uploads\/2016\/01\/Voluptes-chimeriques.jpg","contentUrl":"https:\/\/thierrychollat.com\/sculptures\/wp-content\/uploads\/2016\/01\/Voluptes-chimeriques.jpg","width":1417,"height":2040,"caption":"Thierry Chollat"},"logo":{"@id":"https:\/\/thierrychollat.com\/sculptures\/#\/schema\/person\/image\/"},"sameAs":["https:\/\/thierrychollat.com\/sculptures"]},{"@type":"WebSite","@id":"https:\/\/thierrychollat.com\/sculptures\/#website","url":"https:\/\/thierrychollat.com\/sculptures\/","name":"Thierry Chollat, sculpteur","description":"Sculptures en fer, m\u00e9tal, bois | Illustrations, Interpr\u00e9tations d&#039;instruments de musique, bestiaire","publisher":{"@id":"https:\/\/thierrychollat.com\/sculptures\/#\/schema\/person\/60a6029413e436e8955ef63edf88f85c"},"potentialAction":[{"@type":"SearchAction","target":{"@type":"EntryPoint","urlTemplate":"https:\/\/thierrychollat.com\/sculptures\/?s={search_term_string}"},"query-input":"required name=search_term_string"}],"inLanguage":"fr-FR"},{"@type":"ImageObject","inLanguage":"fr-FR","@id":"https:\/\/thierrychollat.com\/sculptures\/contact\/#primaryimage","url":"http:\/\/thierrychollat.com\/pages\/wp-content\/uploads\/2016\/01\/DSC_8862.jpg","contentUrl":"http:\/\/thierrychollat.com\/pages\/wp-content\/uploads\/2016\/01\/DSC_8862.jpg"},{"@type":"WebPage","@id":"https:\/\/thierrychollat.com\/sculptures\/contact\/#webpage","url":"https:\/\/thierrychollat.com\/sculptures\/contact\/","name":"Contact - Thierry Chollat Sculpteur illustrateur instruments bois","isPartOf":{"@id":"https:\/\/thierrychollat.com\/sculptures\/#website"},"primaryImageOfPage":{"@id":"https:\/\/thierrychollat.com\/sculptures\/contact\/#primaryimage"},"datePublished":"2016-01-21T20:19:26+00:00","dateModified":"2016-01-21T20:19:26+00:00","description":"Thierry Chollat, sculpteur - Rh\u00f4ne-Alpes La Batie\u00a0Divisin 38490 - Contact - Instruments, m\u00e9tal, bois, \u00e9tain,papier m\u00e2ch\u00e9, cheval, art animalier","breadcrumb":{"@id":"https:\/\/thierrychollat.com\/sculptures\/contact\/#breadcrumb"},"inLanguage":"fr-FR","potentialAction":[{"@type":"ReadAction","target":["https:\/\/thierrychollat.com\/sculptures\/contact\/"]}]},{"@type":"BreadcrumbList","@id":"https:\/\/thierrychollat.com\/sculptures\/contact\/#breadcrumb","itemListElement":[{"@type":"ListItem","position":1,"name":"Accueil","item":"https:\/\/thierrychollat.com\/sculptures\/"},{"@type":"ListItem","position":2,"name":"Contact"}]}]}},"_links":{"self":[{"href":"https:\/\/thierrychollat.com\/sculptures\/wp-json\/wp\/v2\/pages\/669","targetHints":{"allow":["GET"]}}],"collection":[{"href":"https:\/\/thierrychollat.com\/sculptures\/wp-json\/wp\/v2\/pages"}],"about":[{"href":"https:\/\/thierrychollat.com\/sculptures\/wp-json\/wp\/v2\/types\/page"}],"author":[{"embeddable":true,"href":"https:\/\/thierrychollat.com\/sculptures\/wp-json\/wp\/v2\/users\/1"}],"replies":[{"embeddable":true,"href":"https:\/\/thierrychollat.com\/sculptures\/wp-json\/wp\/v2\/comments?post=669"}],"version-history":[{"count":0,"href":"https:\/\/thierrychollat.com\/sculptures\/wp-json\/wp\/v2\/pages\/669\/revisions"}],"wp:attachment":[{"href":"https:\/\/thierrychollat.com\/sculptures\/wp-json\/wp\/v2\/media?parent=669"}],"curies":[{"name":"wp","href":"https:\/\/api.w.org\/{rel}","templated":true}]}}